{"id":290,"date":"2021-11-23T15:11:40","date_gmt":"2021-11-23T15:11:40","guid":{"rendered":"https:\/\/333academy.ai\/?page_id=290"},"modified":"2023-09-13T14:48:26","modified_gmt":"2023-09-13T14:48:26","slug":"contacto","status":"publish","type":"page","link":"https:\/\/333academy.ai\/it\/contacto\/","title":{"rendered":"Contatto"},"content":{"rendered":"<div data-elementor-type=\"wp-page\" data-elementor-id=\"290\" class=\"elementor elementor-290\">\n\t\t\t\t\t\t<section class=\"elementor-section elementor-top-section elementor-element elementor-element-423d904b elementor-section-content-middle elementor-reverse-mobile elementor-section-boxed elementor-section-height-default elementor-section-height-default\" data-id=\"423d904b\" data-element_type=\"section\" data-e-type=\"section\" data-settings=\"{&quot;background_background&quot;:&quot;classic&quot;}\">\n\t\t\t\t\t\t\t<div class=\"elementor-background-overlay\"><\/div>\n\t\t\t\t\t\t\t<div class=\"elementor-container elementor-column-gap-no\">\n\t\t\t\t\t<div class=\"elementor-column elementor-col-100 elementor-top-column elementor-element elementor-element-4b25d049\" data-id=\"4b25d049\" data-element_type=\"column\" data-e-type=\"column\" data-settings=\"{&quot;background_background&quot;:&quot;classic&quot;}\">\n\t\t\t<div class=\"elementor-widget-wrap elementor-element-populated\">\n\t\t\t\t\t<div class=\"elementor-background-overlay\"><\/div>\n\t\t\t\t\t\t<div class=\"elementor-element elementor-element-69463e8 elementor-widget elementor-widget-heading\" data-id=\"69463e8\" data-element_type=\"widget\" data-e-type=\"widget\" data-widget_type=\"heading.default\">\n\t\t\t\t<div class=\"elementor-widget-container\">\n\t\t\t\t\t<h2 class=\"elementor-heading-title elementor-size-default\">MODULO DI CONTATTO<\/h2>\t\t\t\t<\/div>\n\t\t\t\t<\/div>\n\t\t\t\t<div class=\"elementor-element elementor-element-8f4a3d2 elementor-widget__width-initial elementor-widget elementor-widget-shortcode\" data-id=\"8f4a3d2\" data-element_type=\"widget\" data-e-type=\"widget\" data-widget_type=\"shortcode.default\">\n\t\t\t\t<div class=\"elementor-widget-container\">\n\t\t\t\t\t\t\t<div class=\"elementor-shortcode\">\n<div class=\"wpcf7 no-js\" id=\"wpcf7-f456-o1\" lang=\"es-ES\" dir=\"ltr\" data-wpcf7-id=\"456\">\n<div class=\"screen-reader-response\"><p role=\"status\" aria-live=\"polite\" aria-atomic=\"true\"><\/p> <ul><\/ul><\/div>\n<form action=\"\/it\/wp-json\/wp\/v2\/pages\/290#wpcf7-f456-o1\" method=\"post\" class=\"wpcf7-form init\" aria-label=\"Formulario de contacto\" novalidate=\"novalidate\" data-status=\"init\" data-trp-original-action=\"\/it\/wp-json\/wp\/v2\/pages\/290#wpcf7-f456-o1\">\n<fieldset class=\"hidden-fields-container\"><input type=\"hidden\" name=\"_wpcf7\" value=\"456\" \/><input type=\"hidden\" name=\"_wpcf7_version\" value=\"6.1.5\" \/><input type=\"hidden\" name=\"_wpcf7_locale\" value=\"es_ES\" \/><input type=\"hidden\" name=\"_wpcf7_unit_tag\" value=\"wpcf7-f456-o1\" \/><input type=\"hidden\" name=\"_wpcf7_container_post\" value=\"0\" \/><input type=\"hidden\" name=\"_wpcf7_posted_data_hash\" value=\"\" \/>\n<\/fieldset>\n<p><span style= \"color: #ff7e1c\"><br \/>\n<label> Nome<br \/>\n<span class=\"wpcf7-form-control-wrap\" data-name=\"your-name\"><input size=\"40\" maxlength=\"400\" class=\"wpcf7-form-control wpcf7-text wpcf7-validates-as-required\" autocomplete=\"name\" aria-required=\"true\" aria-invalid=\"false\" value=\"\" type=\"text\" name=\"your-name\" \/><\/span> <\/label><br \/>\n<span style= \"color: #ff7e1c\"><br \/>\n<label> E-mail<br \/>\n<span class=\"wpcf7-form-control-wrap\" data-name=\"your-email\"><input size=\"40\" maxlength=\"400\" class=\"wpcf7-form-control wpcf7-email wpcf7-validates-as-required wpcf7-text wpcf7-validates-as-email\" autocomplete=\"email\" aria-required=\"true\" aria-invalid=\"false\" value=\"\" type=\"email\" name=\"your-email\" \/><\/span> <\/label><br \/>\n<label> Affare<br \/>\n<span class=\"wpcf7-form-control-wrap\" data-name=\"your-subject\"><input size=\"40\" maxlength=\"400\" class=\"wpcf7-form-control wpcf7-text wpcf7-validates-as-required\" aria-required=\"true\" aria-invalid=\"false\" value=\"\" type=\"text\" name=\"your-subject\" \/><\/span> <\/label><br \/>\n<label> Messaggio<br \/>\n<span class=\"wpcf7-form-control-wrap\" data-name=\"your-message\"><textarea cols=\"40\" rows=\"10\" maxlength=\"2000\" class=\"wpcf7-form-control wpcf7-textarea\" aria-invalid=\"false\" name=\"your-message\"><\/textarea><\/span> <\/label><br \/>\n<span style= \"color: #ff7e1c\"><br \/>\n<span class=\"wpcf7-form-control-wrap\" data-name=\"acceptance-93\"><span class=\"wpcf7-form-control wpcf7-acceptance\"><span class=\"wpcf7-list-item\"><label><input type=\"checkbox\" name=\"acceptance-93\" value=\"1\" aria-invalid=\"false\" \/><span class=\"wpcf7-list-item-label\">Accetto l'informativa sulla privacy <a style= \"color: #ffff\" href=\"https:\/\/333academy.ai\/it\/politica-de-privacidad\/\"> pol\u00edtica de privacidad<\/a><\/span><\/label><\/span><\/span><\/span> <\/span><br \/>\n<input class=\"wpcf7-form-control wpcf7-submit has-spinner\" type=\"submit\" value=\"Per inviare\" \/><\/span><\/span>\n<\/p><div class=\"wpcf7-response-output\" aria-hidden=\"true\"><\/div>\n<input type=\"hidden\" name=\"trp-form-language\" value=\"it\"\/><\/form>\n<\/div>\n<\/div>\n\t\t\t\t\t\t<\/div>\n\t\t\t\t<\/div>\n\t\t\t\t\t<\/div>\n\t\t<\/div>\n\t\t\t\t\t<\/div>\n\t\t<\/section>\n\t\t\t\t<section class=\"elementor-section elementor-top-section elementor-element elementor-element-5c2ceee elementor-section-boxed elementor-section-height-default elementor-section-height-default\" data-id=\"5c2ceee\" data-element_type=\"section\" data-e-type=\"section\">\n\t\t\t\t\t\t<div class=\"elementor-container elementor-column-gap-default\">\n\t\t\t\t\t<div class=\"elementor-column elementor-col-100 elementor-top-column elementor-element elementor-element-b9b4f39\" data-id=\"b9b4f39\" data-element_type=\"column\" data-e-type=\"column\">\n\t\t\t<div class=\"elementor-widget-wrap elementor-element-populated\">\n\t\t\t\t\t\t<section class=\"elementor-section elementor-inner-section elementor-element elementor-element-f626663 elementor-section-boxed elementor-section-height-default elementor-section-height-default\" data-id=\"f626663\" data-element_type=\"section\" data-e-type=\"section\">\n\t\t\t\t\t\t<div class=\"elementor-container elementor-column-gap-default\">\n\t\t\t\t\t<div class=\"elementor-column elementor-col-50 elementor-inner-column elementor-element elementor-element-573805e\" data-id=\"573805e\" data-element_type=\"column\" data-e-type=\"column\" data-settings=\"{&quot;background_background&quot;:&quot;classic&quot;}\">\n\t\t\t<div class=\"elementor-widget-wrap elementor-element-populated\">\n\t\t\t\t\t\t<div class=\"elementor-element elementor-element-2bb77c1 elementor-invisible elementor-widget elementor-widget-heading\" data-id=\"2bb77c1\" data-element_type=\"widget\" data-e-type=\"widget\" data-settings=\"{&quot;_animation&quot;:&quot;fadeInDown&quot;}\" data-widget_type=\"heading.default\">\n\t\t\t\t<div class=\"elementor-widget-container\">\n\t\t\t\t\t<h2 class=\"elementor-heading-title elementor-size-default\">Assistenza clienti<\/h2>\t\t\t\t<\/div>\n\t\t\t\t<\/div>\n\t\t\t\t<div class=\"elementor-element elementor-element-bb1353a elementor-widget-divider--view-line elementor-widget elementor-widget-divider\" data-id=\"bb1353a\" data-element_type=\"widget\" data-e-type=\"widget\" data-widget_type=\"divider.default\">\n\t\t\t\t<div class=\"elementor-widget-container\">\n\t\t\t\t\t\t\t<div class=\"elementor-divider\">\n\t\t\t<span class=\"elementor-divider-separator\">\n\t\t\t\t\t\t<\/span>\n\t\t<\/div>\n\t\t\t\t\t\t<\/div>\n\t\t\t\t<\/div>\n\t\t\t\t<div class=\"elementor-element elementor-element-62a3e5c elementor-view-default elementor-widget elementor-widget-icon\" data-id=\"62a3e5c\" data-element_type=\"widget\" data-e-type=\"widget\" data-widget_type=\"icon.default\">\n\t\t\t\t<div class=\"elementor-widget-container\">\n\t\t\t\t\t\t\t<div class=\"elementor-icon-wrapper\">\n\t\t\t<div class=\"elementor-icon\">\n\t\t\t<i aria-hidden=\"true\" class=\"far fa-caret-square-down\"><\/i>\t\t\t<\/div>\n\t\t<\/div>\n\t\t\t\t\t\t<\/div>\n\t\t\t\t<\/div>\n\t\t\t\t<div class=\"elementor-element elementor-element-99f4138 elementor-invisible elementor-widget elementor-widget-text-editor\" data-id=\"99f4138\" data-element_type=\"widget\" data-e-type=\"widget\" data-settings=\"{&quot;_animation&quot;:&quot;fadeInDown&quot;}\" data-widget_type=\"text-editor.default\">\n\t\t\t\t<div class=\"elementor-widget-container\">\n\t\t\t\t\t\t\t\t\t<p style=\"color: #fff; font-family: montserrat;\">L'obiettivo del team della 333 Academy \u00e8 quello di facilitare la risoluzione di qualsiasi problema o incidente in ogni momento. Gli orari di apertura sono: dal luned\u00ec al venerd\u00ec dalle 9:00 alle 18:00.<\/p>\t\t\t\t\t\t\t\t<\/div>\n\t\t\t\t<\/div>\n\t\t\t\t\t<\/div>\n\t\t<\/div>\n\t\t\t\t<div class=\"elementor-column elementor-col-50 elementor-inner-column elementor-element elementor-element-0b97f35\" data-id=\"0b97f35\" data-element_type=\"column\" data-e-type=\"column\">\n\t\t\t<div class=\"elementor-widget-wrap elementor-element-populated\">\n\t\t\t\t\t\t<div class=\"elementor-element elementor-element-39b2935 elementor-widget elementor-widget-text-editor\" data-id=\"39b2935\" data-element_type=\"widget\" data-e-type=\"widget\" data-widget_type=\"text-editor.default\">\n\t\t\t\t<div class=\"elementor-widget-container\">\n\t\t\t\t\t\t\t\t\t<ul>\n<li style=\"font-weight: 400;\"><span style=\"font-weight: 600; color: #1f6db1;\">&nbsp;Supporto tecnico online:<\/span>via e-mail all'indirizzo formacion@333academy.ai e telefonicamente al numero: +34 603758882<\/li>\n<li style=\"font-weight: 400;\"><span style=\"font-weight: 600; color: #1f6db1;\">Assistenza amministrativa:&nbsp;<\/span>si occupa di incidenti amministrativi, fascicoli, registrazioni, ecc. al numero:  +34 603758882  o via email: pmatto@333corporate.com&nbsp;<span style=\"color: #53565a; font-size: 14px; text-align: left;\">+34 603758882<\/span>&nbsp;o en el correo electr\u00f3nico: pmatto@333corporate.com<\/li>\n<li style=\"font-weight: 400;\"><span style=\"font-weight: 600; color: #1f6db1;\"> Assistenza accademica:&nbsp;<\/span>assicura che i nostri studenti seguano i loro corsi ed \u00e8 responsabile di mantenere i contatti e risolvere eventuali problemi accademici al numero:  +34 603758882  o tramite e-mail: formacion@333corporate.com&nbsp;<span style=\"color: #53565a; font-size: 14px; text-align: left;\">+34 603758882&nbsp;<\/span>o en el correo electr\u00f3nico: formacion@333corporate.com<\/li>\n<\/ul>\t\t\t\t\t\t\t\t<\/div>\n\t\t\t\t<\/div>\n\t\t\t\t\t<\/div>\n\t\t<\/div>\n\t\t\t\t\t<\/div>\n\t\t<\/section>\n\t\t\t\t\t<\/div>\n\t\t<\/div>\n\t\t\t\t\t<\/div>\n\t\t<\/section>\n\t\t\t\t<section class=\"elementor-section elementor-top-section elementor-element elementor-element-2c3cbb9 elementor-section-boxed elementor-section-height-default elementor-section-height-default\" data-id=\"2c3cbb9\" data-element_type=\"section\" data-e-type=\"section\">\n\t\t\t\t\t\t<div class=\"elementor-container elementor-column-gap-default\">\n\t\t\t\t\t<div class=\"elementor-column elementor-col-100 elementor-top-column elementor-element elementor-element-bbc0875\" data-id=\"bbc0875\" data-element_type=\"column\" data-e-type=\"column\">\n\t\t\t<div class=\"elementor-widget-wrap elementor-element-populated\">\n\t\t\t\t\t\t<section class=\"elementor-section elementor-inner-section elementor-element elementor-element-bdd8079 elementor-section-boxed elementor-section-height-default elementor-section-height-default\" data-id=\"bdd8079\" data-element_type=\"section\" data-e-type=\"section\">\n\t\t\t\t\t\t<div class=\"elementor-container elementor-column-gap-default\">\n\t\t\t\t\t<div class=\"elementor-column elementor-col-100 elementor-inner-column elementor-element elementor-element-f288ded\" data-id=\"f288ded\" data-element_type=\"column\" data-e-type=\"column\">\n\t\t\t<div class=\"elementor-widget-wrap elementor-element-populated\">\n\t\t\t\t\t\t<div class=\"elementor-element elementor-element-461fe8b elementor-widget elementor-widget-google_maps\" data-id=\"461fe8b\" data-element_type=\"widget\" data-e-type=\"widget\" data-widget_type=\"google_maps.default\">\n\t\t\t\t<div class=\"elementor-widget-container\">\n\t\t\t\t\t\t\t<div class=\"elementor-custom-embed\">\n\t\t\t<iframe\n\t\t\t\t\tdata-src=\"https:\/\/maps.google.com\/maps?q=Torre%20D%27Ara%2C%20Av.%20Cabrera%2C%2036%2C%2008302%20Matar%C3%B3%2C%20Barcelona&#038;t=m&#038;z=10&#038;output=embed&#038;iwloc=near\"\n\t\t\t\t\ttitle=\"Torre D&#039;Ara, Av. Cabrera, 36, 08302 Matar\u00f3, Barcelona\"\n\t\t\t\t\taria-label=\"Torre D&#039;Ara, Av. Cabrera, 36, 08302 Matar\u00f3, Barcelona\"\n\t\t\t src=\"data:image\/svg+xml;base64,PHN2ZyB3aWR0aD0iMSIgaGVpZ2h0PSIxIiB4bWxucz0iaHR0cDovL3d3dy53My5vcmcvMjAwMC9zdmciPjwvc3ZnPg==\" class=\"lazyload\" data-load-mode=\"1\"><\/iframe>\n\t\t<\/div>\n\t\t\t\t\t\t<\/div>\n\t\t\t\t<\/div>\n\t\t\t\t\t<\/div>\n\t\t<\/div>\n\t\t\t\t\t<\/div>\n\t\t<\/section>\n\t\t\t\t\t<\/div>\n\t\t<\/div>\n\t\t\t\t\t<\/div>\n\t\t<\/section>\n\t\t\t\t<section class=\"elementor-section elementor-top-section elementor-element elementor-element-e89b2f7 elementor-section-boxed elementor-section-height-default elementor-section-height-default\" data-id=\"e89b2f7\" data-element_type=\"section\" data-e-type=\"section\">\n\t\t\t\t\t\t<div class=\"elementor-container elementor-column-gap-default\">\n\t\t\t\t\t<div class=\"elementor-column elementor-col-100 elementor-top-column elementor-element elementor-element-c6f25e3\" data-id=\"c6f25e3\" data-element_type=\"column\" data-e-type=\"column\">\n\t\t\t<div class=\"elementor-widget-wrap\">\n\t\t\t\t\t\t\t<\/div>\n\t\t<\/div>\n\t\t\t\t\t<\/div>\n\t\t<\/section>\n\t\t\t\t<\/div>","protected":false},"excerpt":{"rendered":"<p>FORMULARIO DE CONTACTO Atenci\u00f3n al usuario El equipo de 333 Academy tiene como objetivo facilitar en todo momento la resoluci\u00f3n de cualquier problema o incidencia. El horario de atenci\u00f3n al p\u00fablico es: de lunes a viernes 9:00 a 18:00 h &nbsp;Asistencia t\u00e9cnica on-line:&nbsp;En el correo electr\u00f3nico formacion@333academy.ai&nbsp; y con apoyo telef\u00f3nico en el n\u00famero: +34 [&hellip;]<\/p>\n","protected":false},"author":1,"featured_media":0,"parent":0,"menu_order":0,"comment_status":"closed","ping_status":"closed","template":"","meta":{"_uag_custom_page_level_css":"","site-sidebar-layout":"no-sidebar","site-content-layout":"page-builder","ast-site-content-layout":"default","site-content-style":"default","site-sidebar-style":"default","ast-global-header-display":"","ast-banner-title-visibility":"","ast-main-header-display":"","ast-hfb-above-header-display":"","ast-hfb-below-header-display":"","ast-hfb-mobile-header-display":"","site-post-title":"disabled","ast-breadcrumbs-content":"","ast-featured-img":"disabled","footer-sml-layout":"","ast-disable-related-posts":"","theme-transparent-header-meta":"","adv-header-id-meta":"","stick-header-meta":"","header-above-stick-meta":"","header-main-stick-meta":"","header-below-stick-meta":"","astra-migrate-meta-layouts":"default","ast-page-background-enabled":"default","ast-page-background-meta":{"desktop":{"background-color":"var(--ast-global-color-4)","background-image":"","background-repeat":"repeat","background-position":"center center","background-size":"auto","background-attachment":"scroll","background-type":"","background-media":"","overlay-type":"","overlay-color":"","overlay-opacity":"","overlay-gradient":""},"tablet":{"background-color":"","background-image":"","background-repeat":"repeat","background-position":"center center","background-size":"auto","background-attachment":"scroll","background-type":"","background-media":"","overlay-type":"","overlay-color":"","overlay-opacity":"","overlay-gradient":""},"mobile":{"background-color":"","background-image":"","background-repeat":"repeat","background-position":"center center","background-size":"auto","background-attachment":"scroll","background-type":"","background-media":"","overlay-type":"","overlay-color":"","overlay-opacity":"","overlay-gradient":""}},"ast-content-background-meta":{"desktop":{"background-color":"var(--ast-global-color-5)","background-image":"","background-repeat":"repeat","background-position":"center center","background-size":"auto","background-attachment":"scroll","background-type":"","background-media":"","overlay-type":"","overlay-color":"","overlay-opacity":"","overlay-gradient":""},"tablet":{"background-color":"var(--ast-global-color-5)","background-image":"","background-repeat":"repeat","background-position":"center center","background-size":"auto","background-attachment":"scroll","background-type":"","background-media":"","overlay-type":"","overlay-color":"","overlay-opacity":"","overlay-gradient":""},"mobile":{"background-color":"var(--ast-global-color-5)","background-image":"","background-repeat":"repeat","background-position":"center center","background-size":"auto","background-attachment":"scroll","background-type":"","background-media":"","overlay-type":"","overlay-color":"","overlay-opacity":"","overlay-gradient":""}},"footnotes":""},"class_list":["post-290","page","type-page","status-publish","hentry"],"yoast_head":"<!-- This site is optimized with the Yoast SEO plugin v27.6 - https:\/\/yoast.com\/product\/yoast-seo-wordpress\/ -->\n<title>Contacto<\/title>\n<meta name=\"description\" content=\"Cont\u00e1ctanos para m\u00e1s informaci\u00f3n al correo electr\u00f3nico formacion@333academy.ai o ll\u00e1manos al (+34) 603758882 o (+34) 632819813.\" \/>\n<meta name=\"robots\" content=\"index, follow, max-snippet:-1, max-image-preview:large, max-video-preview:-1\" \/>\n<link rel=\"canonical\" href=\"https:\/\/333academy.ai\/it\/contacto\/\" \/>\n<meta property=\"og:locale\" content=\"it_IT\" \/>\n<meta property=\"og:type\" content=\"article\" \/>\n<meta property=\"og:title\" content=\"Contacto\" \/>\n<meta property=\"og:description\" content=\"Cont\u00e1ctanos para m\u00e1s informaci\u00f3n al correo electr\u00f3nico formacion@333academy.ai o ll\u00e1manos al (+34) 603758882 o (+34) 632819813.\" \/>\n<meta property=\"og:url\" content=\"https:\/\/333academy.ai\/it\/contacto\/\" \/>\n<meta property=\"article:publisher\" content=\"https:\/\/www.facebook.com\/333Academy\" \/>\n<meta property=\"article:modified_time\" content=\"2023-09-13T14:48:26+00:00\" \/>\n<meta name=\"twitter:card\" content=\"summary_large_image\" \/>\n<meta name=\"twitter:label1\" content=\"Tempo di lettura stimato\" \/>\n\t<meta name=\"twitter:data1\" content=\"1 minuto\" \/>\n<script type=\"application\/ld+json\" class=\"yoast-schema-graph\">{\"@context\":\"https:\\\/\\\/schema.org\",\"@graph\":[{\"@type\":\"WebPage\",\"@id\":\"https:\\\/\\\/333academy.ai\\\/contacto\\\/\",\"url\":\"https:\\\/\\\/333academy.ai\\\/contacto\",\"name\":\"Contacto\",\"isPartOf\":{\"@id\":\"https:\\\/\\\/333academy.ai\\\/#website\"},\"datePublished\":\"2021-11-23T15:11:40+00:00\",\"dateModified\":\"2023-09-13T14:48:26+00:00\",\"description\":\"Cont\u00e1ctanos para m\u00e1s informaci\u00f3n al correo electr\u00f3nico formacion@333academy.ai o ll\u00e1manos al (+34) 603758882 o (+34) 632819813.\",\"breadcrumb\":{\"@id\":\"https:\\\/\\\/333academy.ai\\\/contacto#breadcrumb\"},\"inLanguage\":\"it-IT\",\"potentialAction\":[{\"@type\":\"ReadAction\",\"target\":[\"https:\\\/\\\/333academy.ai\\\/contacto\"]}]},{\"@type\":\"BreadcrumbList\",\"@id\":\"https:\\\/\\\/333academy.ai\\\/contacto#breadcrumb\",\"itemListElement\":[{\"@type\":\"ListItem\",\"position\":1,\"name\":\"Portada\",\"item\":\"https:\\\/\\\/333academy.ai\\\/\"},{\"@type\":\"ListItem\",\"position\":2,\"name\":\"Contacto\"}]},{\"@type\":\"WebSite\",\"@id\":\"https:\\\/\\\/333academy.ai\\\/#website\",\"url\":\"https:\\\/\\\/333academy.ai\\\/\",\"name\":\"\",\"description\":\"333 Academy tiene por objeto promover la mejora de las competencias t\u00e9cnicas de los profesionales del sector porcino y continua la tradici\u00f3n de grupo 333 en el dise\u00f1o de contenidos t\u00e9cnicos para la elaboraci\u00f3n de materiales did\u00e1cticos y de divulgaci\u00f3n cient\u00edfica desde hace m\u00e1s de 20 a\u00f1os\",\"publisher\":{\"@id\":\"https:\\\/\\\/333academy.ai\\\/#organization\"},\"potentialAction\":[{\"@type\":\"SearchAction\",\"target\":{\"@type\":\"EntryPoint\",\"urlTemplate\":\"https:\\\/\\\/333academy.ai\\\/?s={search_term_string}\"},\"query-input\":{\"@type\":\"PropertyValueSpecification\",\"valueRequired\":true,\"valueName\":\"search_term_string\"}}],\"inLanguage\":\"it-IT\"},{\"@type\":\"Organization\",\"@id\":\"https:\\\/\\\/333academy.ai\\\/#organization\",\"name\":\"333 Academy\",\"url\":\"https:\\\/\\\/333academy.ai\\\/\",\"logo\":{\"@type\":\"ImageObject\",\"inLanguage\":\"it-IT\",\"@id\":\"https:\\\/\\\/333academy.ai\\\/#\\\/schema\\\/logo\\\/image\\\/\",\"url\":\"https:\\\/\\\/333academy.ai\\\/wp-content\\\/uploads\\\/2021\\\/11\\\/333academy.png\",\"contentUrl\":\"https:\\\/\\\/333academy.ai\\\/wp-content\\\/uploads\\\/2021\\\/11\\\/333academy.png\",\"width\":1157,\"height\":921,\"caption\":\"333 Academy\"},\"image\":{\"@id\":\"https:\\\/\\\/333academy.ai\\\/#\\\/schema\\\/logo\\\/image\\\/\"},\"sameAs\":[\"https:\\\/\\\/www.facebook.com\\\/333Academy\",\"https:\\\/\\\/www.instagram.com\\\/333pigacademy\\\/\",\"https:\\\/\\\/www.linkedin.com\\\/company\\\/333-academy\"]}]}<\/script>\n<!-- \/ Yoast SEO plugin. -->","yoast_head_json":{"title":"Contatto","description":"Cont\u00e1ctanos para m\u00e1s informaci\u00f3n al correo electr\u00f3nico formacion@333academy.ai o ll\u00e1manos al (+34) 603758882 o (+34) 632819813.","robots":{"index":"index","follow":"follow","max-snippet":"max-snippet:-1","max-image-preview":"max-image-preview:large","max-video-preview":"max-video-preview:-1"},"canonical":"https:\/\/333academy.ai\/it\/contacto\/","og_locale":"it_IT","og_type":"article","og_title":"Contacto","og_description":"Cont\u00e1ctanos para m\u00e1s informaci\u00f3n al correo electr\u00f3nico formacion@333academy.ai o ll\u00e1manos al (+34) 603758882 o (+34) 632819813.","og_url":"https:\/\/333academy.ai\/it\/contacto\/","article_publisher":"https:\/\/www.facebook.com\/333Academy","article_modified_time":"2023-09-13T14:48:26+00:00","twitter_card":"summary_large_image","twitter_misc":{"Tempo di lettura stimato":"1 minuto"},"schema":{"@context":"https:\/\/schema.org","@graph":[{"@type":"WebPage","@id":"https:\/\/333academy.ai\/contacto\/","url":"https:\/\/333academy.ai\/contacto","name":"Contatto","isPartOf":{"@id":"https:\/\/333academy.ai\/#website"},"datePublished":"2021-11-23T15:11:40+00:00","dateModified":"2023-09-13T14:48:26+00:00","description":"Cont\u00e1ctanos para m\u00e1s informaci\u00f3n al correo electr\u00f3nico formacion@333academy.ai o ll\u00e1manos al (+34) 603758882 o (+34) 632819813.","breadcrumb":{"@id":"https:\/\/333academy.ai\/contacto#breadcrumb"},"inLanguage":"it-IT","potentialAction":[{"@type":"ReadAction","target":["https:\/\/333academy.ai\/contacto"]}]},{"@type":"BreadcrumbList","@id":"https:\/\/333academy.ai\/contacto#breadcrumb","itemListElement":[{"@type":"ListItem","position":1,"name":"Portada","item":"https:\/\/333academy.ai\/"},{"@type":"ListItem","position":2,"name":"Contacto"}]},{"@type":"WebSite","@id":"https:\/\/333academy.ai\/#website","url":"https:\/\/333academy.ai\/","name":"","description":"333 Academy tiene por objeto promover la mejora de las competencias t\u00e9cnicas de los profesionales del sector porcino y continua la tradici\u00f3n de grupo 333 en el dise\u00f1o de contenidos t\u00e9cnicos para la elaboraci\u00f3n de materiales did\u00e1cticos y de divulgaci\u00f3n cient\u00edfica desde hace m\u00e1s de 20 a\u00f1os","publisher":{"@id":"https:\/\/333academy.ai\/#organization"},"potentialAction":[{"@type":"SearchAction","target":{"@type":"EntryPoint","urlTemplate":"https:\/\/333academy.ai\/?s={search_term_string}"},"query-input":{"@type":"PropertyValueSpecification","valueRequired":true,"valueName":"search_term_string"}}],"inLanguage":"it-IT"},{"@type":"Organization","@id":"https:\/\/333academy.ai\/#organization","name":"333 Academy","url":"https:\/\/333academy.ai\/","logo":{"@type":"ImageObject","inLanguage":"it-IT","@id":"https:\/\/333academy.ai\/#\/schema\/logo\/image\/","url":"https:\/\/333academy.ai\/wp-content\/uploads\/2021\/11\/333academy.png","contentUrl":"https:\/\/333academy.ai\/wp-content\/uploads\/2021\/11\/333academy.png","width":1157,"height":921,"caption":"333 Academy"},"image":{"@id":"https:\/\/333academy.ai\/#\/schema\/logo\/image\/"},"sameAs":["https:\/\/www.facebook.com\/333Academy","https:\/\/www.instagram.com\/333pigacademy\/","https:\/\/www.linkedin.com\/company\/333-academy"]}]}},"uagb_featured_image_src":{"full":false,"thumbnail":false,"medium":false,"medium_large":false,"large":false,"1536x1536":false,"2048x2048":false,"trp-custom-language-flag":false},"uagb_author_info":{"display_name":"333 Academy","author_link":"https:\/\/333academy.ai\/it\/author\/formacion\/"},"uagb_comment_info":0,"uagb_excerpt":"FORMULARIO DE CONTACTO Atenci\u00f3n al usuario El equipo de 333 Academy tiene como objetivo facilitar en todo momento la resoluci\u00f3n de cualquier problema o incidencia. El horario de atenci\u00f3n al p\u00fablico es: de lunes a viernes 9:00 a 18:00 h &nbsp;Asistencia t\u00e9cnica on-line:&nbsp;En el correo electr\u00f3nico formacion@333academy.ai&nbsp; y con apoyo telef\u00f3nico en el n\u00famero: +34&hellip;","_links":{"self":[{"href":"https:\/\/333academy.ai\/it\/wp-json\/wp\/v2\/pages\/290","targetHints":{"allow":["GET"]}}],"collection":[{"href":"https:\/\/333academy.ai\/it\/wp-json\/wp\/v2\/pages"}],"about":[{"href":"https:\/\/333academy.ai\/it\/wp-json\/wp\/v2\/types\/page"}],"author":[{"embeddable":true,"href":"https:\/\/333academy.ai\/it\/wp-json\/wp\/v2\/users\/1"}],"replies":[{"embeddable":true,"href":"https:\/\/333academy.ai\/it\/wp-json\/wp\/v2\/comments?post=290"}],"version-history":[{"count":79,"href":"https:\/\/333academy.ai\/it\/wp-json\/wp\/v2\/pages\/290\/revisions"}],"predecessor-version":[{"id":1367,"href":"https:\/\/333academy.ai\/it\/wp-json\/wp\/v2\/pages\/290\/revisions\/1367"}],"wp:attachment":[{"href":"https:\/\/333academy.ai\/it\/wp-json\/wp\/v2\/media?parent=290"}],"curies":[{"name":"wp","href":"https:\/\/api.w.org\/{rel}","templated":true}]}}