{"id":1312,"date":"2023-09-13T11:15:38","date_gmt":"2023-09-13T11:15:38","guid":{"rendered":"https:\/\/333academy.ai\/?page_id=1312"},"modified":"2023-09-13T11:18:56","modified_gmt":"2023-09-13T11:18:56","slug":"elementor-1312","status":"publish","type":"page","link":"https:\/\/333academy.ai\/it\/elementor-1312\/","title":{"rendered":"Noi"},"content":{"rendered":"<div data-elementor-type=\"wp-page\" data-elementor-id=\"1312\" class=\"elementor elementor-1312\">\n\t\t\t\t\t\t<section class=\"elementor-section elementor-top-section elementor-element elementor-element-7bb3ee33 elementor-section-content-middle elementor-reverse-mobile elementor-section-boxed elementor-section-height-default elementor-section-height-default\" data-id=\"7bb3ee33\" data-element_type=\"section\" data-e-type=\"section\" data-settings=\"{&quot;background_background&quot;:&quot;classic&quot;}\">\n\t\t\t\t\t\t<div class=\"elementor-container elementor-column-gap-no\">\n\t\t\t\t\t<div class=\"elementor-column elementor-col-50 elementor-top-column elementor-element elementor-element-699cd006\" data-id=\"699cd006\" data-element_type=\"column\" data-e-type=\"column\">\n\t\t\t<div class=\"elementor-widget-wrap elementor-element-populated\">\n\t\t\t\t\t\t<div class=\"elementor-element elementor-element-52384a52 elementor-widget elementor-widget-heading\" data-id=\"52384a52\" data-element_type=\"widget\" data-e-type=\"widget\" data-widget_type=\"heading.default\">\n\t\t\t\t<div class=\"elementor-widget-container\">\n\t\t\t\t\t<h4 class=\"elementor-heading-title elementor-size-default\"><h2 style=\"font-size: 35px;font-style: normal;font-weight: 400;line-height: 1.4em;font-family: montserrat\">NOI<\/h2><\/h4>\t\t\t\t<\/div>\n\t\t\t\t<\/div>\n\t\t\t\t<div class=\"elementor-element elementor-element-6a028b2 elementor-widget-divider--view-line elementor-widget elementor-widget-divider\" data-id=\"6a028b2\" data-element_type=\"widget\" data-e-type=\"widget\" data-widget_type=\"divider.default\">\n\t\t\t\t<div class=\"elementor-widget-container\">\n\t\t\t\t\t\t\t<div class=\"elementor-divider\">\n\t\t\t<span class=\"elementor-divider-separator\">\n\t\t\t\t\t\t<\/span>\n\t\t<\/div>\n\t\t\t\t\t\t<\/div>\n\t\t\t\t<\/div>\n\t\t\t\t<div class=\"elementor-element elementor-element-4171b9bc elementor-widget elementor-widget-text-editor\" data-id=\"4171b9bc\" data-element_type=\"widget\" data-e-type=\"widget\" data-widget_type=\"text-editor.default\">\n\t\t\t\t<div class=\"elementor-widget-container\">\n\t\t\t\t\t\t\t\t\t<p>333 Academy si propone di promuovere il miglioramento delle competenze tecniche dei professionisti del settore suinicolo e prosegue la tradizione del gruppo 333 nella progettazione di contenuti tecnici per lo sviluppo di materiali didattici e di divulgazione scientifica da oltre 20 anni.<\/p>\n<p>Disponiamo di un team di esperti in ciascuna delle aree in cui forniamo formazione nel settore suinicolo e zootecnico, il che garantisce agli studenti una formazione di qualit\u00e0 e aggiornata. Inoltre, 333 Academy offre un'ampia variet\u00e0 di corsi e programmi, dalla formazione online ai programmi di formazione in azienda, adattandosi cos\u00ec alle esigenze e ai requisiti di ogni cliente.<\/p>\n<div>\n<div>\n<p>La vision di 333 Academy \u00e8 quella di essere un'azienda leader nel settore della formazione e dell'istruzione, fornendo ai propri studenti gli strumenti e le competenze per affrontare le sfide del mondo del lavoro odierno. La sua missione \u00e8 quella di fornire una formazione completa e di qualit\u00e0 che consenta agli studenti di raggiungere i propri obiettivi professionali e personali.<\/p>\n<\/div>\n<\/div>\t\t\t\t\t\t\t\t<\/div>\n\t\t\t\t<\/div>\n\t\t\t\t\t<\/div>\n\t\t<\/div>\n\t\t\t\t<div class=\"elementor-column elementor-col-50 elementor-top-column elementor-element elementor-element-6f1fd8d0\" data-id=\"6f1fd8d0\" data-element_type=\"column\" data-e-type=\"column\">\n\t\t\t<div class=\"elementor-widget-wrap elementor-element-populated\">\n\t\t\t\t\t\t<div class=\"elementor-element elementor-element-ed3fe5a elementor-widget elementor-widget-image\" data-id=\"ed3fe5a\" data-element_type=\"widget\" data-e-type=\"widget\" data-widget_type=\"image.default\">\n\t\t\t\t<div class=\"elementor-widget-container\">\n\t\t\t\t\t\t\t\t\t\t\t\t\t\t\t<img fetchpriority=\"high\" decoding=\"async\" width=\"2560\" height=\"2560\" src=\"https:\/\/333academy.ai\/wp-content\/uploads\/2021\/12\/18770-scaled.jpg\" class=\"attachment-full size-full wp-image-1083\" alt=\"\" srcset=\"https:\/\/333academy.ai\/wp-content\/uploads\/2021\/12\/18770-scaled.jpg 2560w, https:\/\/333academy.ai\/wp-content\/uploads\/2021\/12\/18770-300x300.jpg 300w, https:\/\/333academy.ai\/wp-content\/uploads\/2021\/12\/18770-1024x1024.jpg 1024w, https:\/\/333academy.ai\/wp-content\/uploads\/2021\/12\/18770-150x150.jpg 150w, https:\/\/333academy.ai\/wp-content\/uploads\/2021\/12\/18770-768x768.jpg 768w, https:\/\/333academy.ai\/wp-content\/uploads\/2021\/12\/18770-1536x1536.jpg 1536w, https:\/\/333academy.ai\/wp-content\/uploads\/2021\/12\/18770-2048x2048.jpg 2048w\" sizes=\"(max-width: 2560px) 100vw, 2560px\" \/>\t\t\t\t\t\t\t\t\t\t\t\t\t\t\t<\/div>\n\t\t\t\t<\/div>\n\t\t\t\t\t<\/div>\n\t\t<\/div>\n\t\t\t\t\t<\/div>\n\t\t<\/section>\n\t\t\t\t<\/div>","protected":false},"excerpt":{"rendered":"<p>NOSOTROS 333 Academy tiene por objeto promover la mejora de las competencias t\u00e9cnicas de los profesionales del sector porcino y continua la tradici\u00f3n de grupo 333 en el dise\u00f1o de contenidos t\u00e9cnicos para la elaboraci\u00f3n de materiales did\u00e1cticos y de divulgaci\u00f3n cient\u00edfica desde hace m\u00e1s de 20 a\u00f1os. Contamos con un equipo de expertos en [&hellip;]<\/p>\n","protected":false},"author":1,"featured_media":0,"parent":0,"menu_order":0,"comment_status":"closed","ping_status":"closed","template":"","meta":{"_uag_custom_page_level_css":"","site-sidebar-layout":"no-sidebar","site-content-layout":"page-builder","ast-site-content-layout":"full-width-container","site-content-style":"default","site-sidebar-style":"default","ast-global-header-display":"","ast-banner-title-visibility":"","ast-main-header-display":"","ast-hfb-above-header-display":"","ast-hfb-below-header-display":"","ast-hfb-mobile-header-display":"","site-post-title":"disabled","ast-breadcrumbs-content":"","ast-featured-img":"disabled","footer-sml-layout":"","ast-disable-related-posts":"","theme-transparent-header-meta":"","adv-header-id-meta":"","stick-header-meta":"","header-above-stick-meta":"","header-main-stick-meta":"","header-below-stick-meta":"","astra-migrate-meta-layouts":"set","ast-page-background-enabled":"default","ast-page-background-meta":{"desktop":{"background-color":"var(--ast-global-color-4)","background-image":"","background-repeat":"repeat","background-position":"center center","background-size":"auto","background-attachment":"scroll","background-type":"","background-media":"","overlay-type":"","overlay-color":"","overlay-opacity":"","overlay-gradient":""},"tablet":{"background-color":"","background-image":"","background-repeat":"repeat","background-position":"center center","background-size":"auto","background-attachment":"scroll","background-type":"","background-media":"","overlay-type":"","overlay-color":"","overlay-opacity":"","overlay-gradient":""},"mobile":{"background-color":"","background-image":"","background-repeat":"repeat","background-position":"center center","background-size":"auto","background-attachment":"scroll","background-type":"","background-media":"","overlay-type":"","overlay-color":"","overlay-opacity":"","overlay-gradient":""}},"ast-content-background-meta":{"desktop":{"background-color":"var(--ast-global-color-5)","background-image":"","background-repeat":"repeat","background-position":"center center","background-size":"auto","background-attachment":"scroll","background-type":"","background-media":"","overlay-type":"","overlay-color":"","overlay-opacity":"","overlay-gradient":""},"tablet":{"background-color":"var(--ast-global-color-5)","background-image":"","background-repeat":"repeat","background-position":"center center","background-size":"auto","background-attachment":"scroll","background-type":"","background-media":"","overlay-type":"","overlay-color":"","overlay-opacity":"","overlay-gradient":""},"mobile":{"background-color":"var(--ast-global-color-5)","background-image":"","background-repeat":"repeat","background-position":"center center","background-size":"auto","background-attachment":"scroll","background-type":"","background-media":"","overlay-type":"","overlay-color":"","overlay-opacity":"","overlay-gradient":""}},"footnotes":""},"class_list":["post-1312","page","type-page","status-publish","hentry"],"yoast_head":"<!-- This site is optimized with the Yoast SEO plugin v27.6 - https:\/\/yoast.com\/product\/yoast-seo-wordpress\/ -->\n<title>Nosotros<\/title>\n<meta name=\"robots\" content=\"index, follow, max-snippet:-1, max-image-preview:large, max-video-preview:-1\" \/>\n<link rel=\"canonical\" href=\"https:\/\/333academy.ai\/it\/elementor-1312\/\" \/>\n<meta property=\"og:locale\" content=\"it_IT\" \/>\n<meta property=\"og:type\" content=\"article\" \/>\n<meta property=\"og:title\" content=\"Nosotros\" \/>\n<meta property=\"og:description\" content=\"NOSOTROS 333 Academy tiene por objeto promover la mejora de las competencias t\u00e9cnicas de los profesionales del sector porcino y continua la tradici\u00f3n de grupo 333 en el dise\u00f1o de contenidos t\u00e9cnicos para la elaboraci\u00f3n de materiales did\u00e1cticos y de divulgaci\u00f3n cient\u00edfica desde hace m\u00e1s de 20 a\u00f1os. Contamos con un equipo de expertos en [&hellip;]\" \/>\n<meta property=\"og:url\" content=\"https:\/\/333academy.ai\/it\/elementor-1312\/\" \/>\n<meta property=\"article:publisher\" content=\"https:\/\/www.facebook.com\/333Academy\" \/>\n<meta property=\"article:modified_time\" content=\"2023-09-13T11:18:56+00:00\" \/>\n<meta property=\"og:image\" content=\"https:\/\/333academy.ai\/wp-content\/uploads\/2021\/12\/18770-scaled.jpg\" \/>\n<meta name=\"twitter:card\" content=\"summary_large_image\" \/>\n<meta name=\"twitter:label1\" content=\"Tempo di lettura stimato\" \/>\n\t<meta name=\"twitter:data1\" content=\"1 minuto\" \/>\n<script type=\"application\/ld+json\" class=\"yoast-schema-graph\">{\"@context\":\"https:\\\/\\\/schema.org\",\"@graph\":[{\"@type\":\"WebPage\",\"@id\":\"https:\\\/\\\/333academy.ai\\\/elementor-1312\\\/\",\"url\":\"https:\\\/\\\/333academy.ai\\\/elementor-1312\\\/\",\"name\":\"Nosotros\",\"isPartOf\":{\"@id\":\"https:\\\/\\\/333academy.ai\\\/#website\"},\"primaryImageOfPage\":{\"@id\":\"https:\\\/\\\/333academy.ai\\\/elementor-1312\\\/#primaryimage\"},\"image\":{\"@id\":\"https:\\\/\\\/333academy.ai\\\/elementor-1312\\\/#primaryimage\"},\"thumbnailUrl\":\"https:\\\/\\\/333academy.ai\\\/wp-content\\\/uploads\\\/2021\\\/12\\\/18770-scaled.jpg\",\"datePublished\":\"2023-09-13T11:15:38+00:00\",\"dateModified\":\"2023-09-13T11:18:56+00:00\",\"breadcrumb\":{\"@id\":\"https:\\\/\\\/333academy.ai\\\/elementor-1312\\\/#breadcrumb\"},\"inLanguage\":\"it-IT\",\"potentialAction\":[{\"@type\":\"ReadAction\",\"target\":[\"https:\\\/\\\/333academy.ai\\\/elementor-1312\\\/\"]}]},{\"@type\":\"ImageObject\",\"inLanguage\":\"it-IT\",\"@id\":\"https:\\\/\\\/333academy.ai\\\/elementor-1312\\\/#primaryimage\",\"url\":\"https:\\\/\\\/333academy.ai\\\/wp-content\\\/uploads\\\/2021\\\/12\\\/18770-scaled.jpg\",\"contentUrl\":\"https:\\\/\\\/333academy.ai\\\/wp-content\\\/uploads\\\/2021\\\/12\\\/18770-scaled.jpg\"},{\"@type\":\"BreadcrumbList\",\"@id\":\"https:\\\/\\\/333academy.ai\\\/elementor-1312\\\/#breadcrumb\",\"itemListElement\":[{\"@type\":\"ListItem\",\"position\":1,\"name\":\"Portada\",\"item\":\"https:\\\/\\\/333academy.ai\\\/\"},{\"@type\":\"ListItem\",\"position\":2,\"name\":\"Nosotros\"}]},{\"@type\":\"WebSite\",\"@id\":\"https:\\\/\\\/333academy.ai\\\/#website\",\"url\":\"https:\\\/\\\/333academy.ai\\\/\",\"name\":\"\",\"description\":\"333 Academy tiene por objeto promover la mejora de las competencias t\u00e9cnicas de los profesionales del sector porcino y continua la tradici\u00f3n de grupo 333 en el dise\u00f1o de contenidos t\u00e9cnicos para la elaboraci\u00f3n de materiales did\u00e1cticos y de divulgaci\u00f3n cient\u00edfica desde hace m\u00e1s de 20 a\u00f1os\",\"publisher\":{\"@id\":\"https:\\\/\\\/333academy.ai\\\/#organization\"},\"potentialAction\":[{\"@type\":\"SearchAction\",\"target\":{\"@type\":\"EntryPoint\",\"urlTemplate\":\"https:\\\/\\\/333academy.ai\\\/?s={search_term_string}\"},\"query-input\":{\"@type\":\"PropertyValueSpecification\",\"valueRequired\":true,\"valueName\":\"search_term_string\"}}],\"inLanguage\":\"it-IT\"},{\"@type\":\"Organization\",\"@id\":\"https:\\\/\\\/333academy.ai\\\/#organization\",\"name\":\"333 Academy\",\"url\":\"https:\\\/\\\/333academy.ai\\\/\",\"logo\":{\"@type\":\"ImageObject\",\"inLanguage\":\"it-IT\",\"@id\":\"https:\\\/\\\/333academy.ai\\\/#\\\/schema\\\/logo\\\/image\\\/\",\"url\":\"https:\\\/\\\/333academy.ai\\\/wp-content\\\/uploads\\\/2021\\\/11\\\/333academy.png\",\"contentUrl\":\"https:\\\/\\\/333academy.ai\\\/wp-content\\\/uploads\\\/2021\\\/11\\\/333academy.png\",\"width\":1157,\"height\":921,\"caption\":\"333 Academy\"},\"image\":{\"@id\":\"https:\\\/\\\/333academy.ai\\\/#\\\/schema\\\/logo\\\/image\\\/\"},\"sameAs\":[\"https:\\\/\\\/www.facebook.com\\\/333Academy\",\"https:\\\/\\\/www.instagram.com\\\/333pigacademy\\\/\",\"https:\\\/\\\/www.linkedin.com\\\/company\\\/333-academy\"]}]}<\/script>\n<!-- \/ Yoast SEO plugin. -->","yoast_head_json":{"title":"Noi","robots":{"index":"index","follow":"follow","max-snippet":"max-snippet:-1","max-image-preview":"max-image-preview:large","max-video-preview":"max-video-preview:-1"},"canonical":"https:\/\/333academy.ai\/it\/elementor-1312\/","og_locale":"it_IT","og_type":"article","og_title":"Nosotros","og_description":"NOSOTROS 333 Academy tiene por objeto promover la mejora de las competencias t\u00e9cnicas de los profesionales del sector porcino y continua la tradici\u00f3n de grupo 333 en el dise\u00f1o de contenidos t\u00e9cnicos para la elaboraci\u00f3n de materiales did\u00e1cticos y de divulgaci\u00f3n cient\u00edfica desde hace m\u00e1s de 20 a\u00f1os. Contamos con un equipo de expertos en [&hellip;]","og_url":"https:\/\/333academy.ai\/it\/elementor-1312\/","article_publisher":"https:\/\/www.facebook.com\/333Academy","article_modified_time":"2023-09-13T11:18:56+00:00","og_image":[{"url":"https:\/\/333academy.ai\/wp-content\/uploads\/2021\/12\/18770-scaled.jpg","type":"","width":"","height":""}],"twitter_card":"summary_large_image","twitter_misc":{"Tempo di lettura stimato":"1 minuto"},"schema":{"@context":"https:\/\/schema.org","@graph":[{"@type":"WebPage","@id":"https:\/\/333academy.ai\/elementor-1312\/","url":"https:\/\/333academy.ai\/elementor-1312\/","name":"Noi","isPartOf":{"@id":"https:\/\/333academy.ai\/#website"},"primaryImageOfPage":{"@id":"https:\/\/333academy.ai\/elementor-1312\/#primaryimage"},"image":{"@id":"https:\/\/333academy.ai\/elementor-1312\/#primaryimage"},"thumbnailUrl":"https:\/\/333academy.ai\/wp-content\/uploads\/2021\/12\/18770-scaled.jpg","datePublished":"2023-09-13T11:15:38+00:00","dateModified":"2023-09-13T11:18:56+00:00","breadcrumb":{"@id":"https:\/\/333academy.ai\/elementor-1312\/#breadcrumb"},"inLanguage":"it-IT","potentialAction":[{"@type":"ReadAction","target":["https:\/\/333academy.ai\/elementor-1312\/"]}]},{"@type":"ImageObject","inLanguage":"it-IT","@id":"https:\/\/333academy.ai\/elementor-1312\/#primaryimage","url":"https:\/\/333academy.ai\/wp-content\/uploads\/2021\/12\/18770-scaled.jpg","contentUrl":"https:\/\/333academy.ai\/wp-content\/uploads\/2021\/12\/18770-scaled.jpg"},{"@type":"BreadcrumbList","@id":"https:\/\/333academy.ai\/elementor-1312\/#breadcrumb","itemListElement":[{"@type":"ListItem","position":1,"name":"Portada","item":"https:\/\/333academy.ai\/"},{"@type":"ListItem","position":2,"name":"Nosotros"}]},{"@type":"WebSite","@id":"https:\/\/333academy.ai\/#website","url":"https:\/\/333academy.ai\/","name":"","description":"333 Academy tiene por objeto promover la mejora de las competencias t\u00e9cnicas de los profesionales del sector porcino y continua la tradici\u00f3n de grupo 333 en el dise\u00f1o de contenidos t\u00e9cnicos para la elaboraci\u00f3n de materiales did\u00e1cticos y de divulgaci\u00f3n cient\u00edfica desde hace m\u00e1s de 20 a\u00f1os","publisher":{"@id":"https:\/\/333academy.ai\/#organization"},"potentialAction":[{"@type":"SearchAction","target":{"@type":"EntryPoint","urlTemplate":"https:\/\/333academy.ai\/?s={search_term_string}"},"query-input":{"@type":"PropertyValueSpecification","valueRequired":true,"valueName":"search_term_string"}}],"inLanguage":"it-IT"},{"@type":"Organization","@id":"https:\/\/333academy.ai\/#organization","name":"333 Academy","url":"https:\/\/333academy.ai\/","logo":{"@type":"ImageObject","inLanguage":"it-IT","@id":"https:\/\/333academy.ai\/#\/schema\/logo\/image\/","url":"https:\/\/333academy.ai\/wp-content\/uploads\/2021\/11\/333academy.png","contentUrl":"https:\/\/333academy.ai\/wp-content\/uploads\/2021\/11\/333academy.png","width":1157,"height":921,"caption":"333 Academy"},"image":{"@id":"https:\/\/333academy.ai\/#\/schema\/logo\/image\/"},"sameAs":["https:\/\/www.facebook.com\/333Academy","https:\/\/www.instagram.com\/333pigacademy\/","https:\/\/www.linkedin.com\/company\/333-academy"]}]}},"uagb_featured_image_src":{"full":false,"thumbnail":false,"medium":false,"medium_large":false,"large":false,"1536x1536":false,"2048x2048":false,"trp-custom-language-flag":false},"uagb_author_info":{"display_name":"333 Academy","author_link":"https:\/\/333academy.ai\/it\/author\/formacion\/"},"uagb_comment_info":0,"uagb_excerpt":"NOSOTROS 333 Academy tiene por objeto promover la mejora de las competencias t\u00e9cnicas de los profesionales del sector porcino y continua la tradici\u00f3n de grupo 333 en el dise\u00f1o de contenidos t\u00e9cnicos para la elaboraci\u00f3n de materiales did\u00e1cticos y de divulgaci\u00f3n cient\u00edfica desde hace m\u00e1s de 20 a\u00f1os. Contamos con un equipo de expertos en&hellip;","_links":{"self":[{"href":"https:\/\/333academy.ai\/it\/wp-json\/wp\/v2\/pages\/1312","targetHints":{"allow":["GET"]}}],"collection":[{"href":"https:\/\/333academy.ai\/it\/wp-json\/wp\/v2\/pages"}],"about":[{"href":"https:\/\/333academy.ai\/it\/wp-json\/wp\/v2\/types\/page"}],"author":[{"embeddable":true,"href":"https:\/\/333academy.ai\/it\/wp-json\/wp\/v2\/users\/1"}],"replies":[{"embeddable":true,"href":"https:\/\/333academy.ai\/it\/wp-json\/wp\/v2\/comments?post=1312"}],"version-history":[{"count":6,"href":"https:\/\/333academy.ai\/it\/wp-json\/wp\/v2\/pages\/1312\/revisions"}],"predecessor-version":[{"id":1319,"href":"https:\/\/333academy.ai\/it\/wp-json\/wp\/v2\/pages\/1312\/revisions\/1319"}],"wp:attachment":[{"href":"https:\/\/333academy.ai\/it\/wp-json\/wp\/v2\/media?parent=1312"}],"curies":[{"name":"wp","href":"https:\/\/api.w.org\/{rel}","templated":true}]}}